{"id":2,"date":"2008-03-08T17:01:09","date_gmt":"2008-03-08T16:01:09","guid":{"rendered":""},"modified":"2009-12-04T20:46:01","modified_gmt":"2009-12-04T19:46:01","slug":"about","status":"publish","type":"page","link":"https:\/\/haos.hopto.org\/blog\/about\/","title":{"rendered":"O mnie"},"content":{"rendered":"<p>Jestem takim sobie w miar\u0119 weso\u0142ym cz\u0142owieczkiem, informatykiem-programist\u0105, \u017c(e\/y)glarzem, rowerzyst\u0105. Lubi\u0119 Col\u0119 Light, mleko, Linuksa, wolne oprogramowanie, d\u0142ugie wycieczki rowerowe oraz \u0142adn\u0105 pogod\u0119 ;-).<\/p>\n<p>Nie lubi\u0119 si\u0119 chwali\u0107 (albo nie mam czym) wi\u0119c nie b\u0119d\u0119 tego robi\u0142 i sko\u0144cz\u0119 ju\u017c \ud83d\ude09<\/p>\n","protected":false},"excerpt":{"rendered":"<p>Jestem takim sobie w miar\u0119 weso\u0142ym cz\u0142owieczkiem, informatykiem-programist\u0105, \u017c(e\/y)glarzem, rowerzyst\u0105. Lubi\u0119 Col\u0119 Light, mleko, Linuksa, wolne oprogramowanie, d\u0142ugie wycieczki rowerowe oraz \u0142adn\u0105 pogod\u0119 ;-). Nie lubi\u0119 si\u0119 chwali\u0107 (albo nie mam czym) wi\u0119c nie b\u0119d\u0119 tego robi\u0142 i sko\u0144cz\u0119 ju\u017c &hellip;<\/p>\n<p class=\"read-more\"><a href=\"https:\/\/haos.hopto.org\/blog\/about\/\">Czytaj wi\u0119cej &raquo;<\/a><\/p>\n","protected":false},"author":1,"featured_media":0,"parent":0,"menu_order":0,"comment_status":"open","ping_status":"open","template":"","meta":{"footnotes":""},"class_list":["post-2","page","type-page","status-publish","hentry"],"_links":{"self":[{"href":"https:\/\/haos.hopto.org\/blog\/wp-json\/wp\/v2\/pages\/2","targetHints":{"allow":["GET"]}}],"collection":[{"href":"https:\/\/haos.hopto.org\/blog\/wp-json\/wp\/v2\/pages"}],"about":[{"href":"https:\/\/haos.hopto.org\/blog\/wp-json\/wp\/v2\/types\/page"}],"author":[{"embeddable":true,"href":"https:\/\/haos.hopto.org\/blog\/wp-json\/wp\/v2\/users\/1"}],"replies":[{"embeddable":true,"href":"https:\/\/haos.hopto.org\/blog\/wp-json\/wp\/v2\/comments?post=2"}],"version-history":[{"count":4,"href":"https:\/\/haos.hopto.org\/blog\/wp-json\/wp\/v2\/pages\/2\/revisions"}],"predecessor-version":[{"id":43,"href":"https:\/\/haos.hopto.org\/blog\/wp-json\/wp\/v2\/pages\/2\/revisions\/43"}],"wp:attachment":[{"href":"https:\/\/haos.hopto.org\/blog\/wp-json\/wp\/v2\/media?parent=2"}],"curies":[{"name":"wp","href":"https:\/\/api.w.org\/{rel}","templated":true}]}}